{"id":1809,"date":"2025-11-24T11:37:25","date_gmt":"2025-11-24T16:37:25","guid":{"rendered":"https:\/\/lamariarestaurante.com\/?page_id=1809"},"modified":"2026-03-16T09:29:17","modified_gmt":"2026-03-16T14:29:17","slug":"postres","status":"publish","type":"page","link":"https:\/\/lamariarestaurante.com\/en\/menu\/postres\/","title":{"rendered":"Postres"},"content":{"rendered":"<div data-elementor-type=\"wp-page\" data-elementor-id=\"1809\" class=\"elementor elementor-1809\" data-elementor-post-type=\"page\">\n\t\t\t\t<div class=\"elementor-element elementor-element-f10e156 e-con-full e-flex e-con e-parent\" data-id=\"f10e156\" data-element_type=\"container\" data-e-type=\"container\" data-settings=\"{&quot;background_background&quot;:&quot;classic&quot;}\">\n\t\t\t\t<div class=\"elementor-element elementor-element-9a1e734 elementor-widget elementor-widget-heading\" data-id=\"9a1e734\" data-element_type=\"widget\" data-e-type=\"widget\" data-widget_type=\"heading.default\">\n\t\t\t\t\t<h2 class=\"elementor-heading-title elementor-size-default\">DESSERTS<\/h2>\t\t\t\t<\/div>\n\t\t\t\t<\/div>\n\t\t<div class=\"elementor-element elementor-element-e7930a3 e-flex e-con-boxed e-con e-parent\" data-id=\"e7930a3\" data-element_type=\"container\" data-e-type=\"container\" data-settings=\"{&quot;background_background&quot;:&quot;classic&quot;}\">\n\t\t\t\t\t<div class=\"e-con-inner\">\n\t\t\t\t<div class=\"elementor-element elementor-element-a15e1ce elementor-widget elementor-widget-kaffen-restaurant-menu-list\" data-id=\"a15e1ce\" data-element_type=\"widget\" data-e-type=\"widget\" data-widget_type=\"kaffen-restaurant-menu-list.default\">\n\t\t\t\t<div class=\"elementor-widget-container\">\n\t\t\t\t\t\n\t\t\t\t<div class=\"kf-menu-items-2\">\n\t\t\t\n\n<!-- menu item -->\n<div class=\"kf-menu-item-2 element-anim-1 scroll-animate\" data-animate=\"active\">\n\t\t<div class=\"image kf-image-hover\">\n\t\t<a href=\"https:\/\/lamariarestaurante.com\/wp-content\/uploads\/2025\/11\/lamaria-preview.webp\" data-elementor-open-lightbox=\"yes\" data-elementor-lightbox-title=\"CHEESCAKE DEL JARD\u00cdN\"><img decoding=\"async\" src=\"https:\/\/lamariarestaurante.com\/wp-content\/uploads\/2025\/11\/lamaria-preview.webp\" alt=\"GARDEN CHEESECAKE\" title=\"\"><\/a>\n\t<\/div>\n\t\t<div class=\"desc\">\n\t\t<h5 class=\"name\">GARDEN CHEESECAKE<\/h5>\n\t\t\t\t<div class=\"subname\">\n\t\t\tWith macerated red berries. Sweet and sour, like unexpected goodbyes.\t\t<\/div>\n\t\t\t\t\t\t<div class=\"price\">\n\t\t\t<span>$27.000<\/span>\n\t\t<\/div>\n\t\t\t<\/div>\n<\/div>\n<!-- menu item end -->\n\n\n<!-- menu item -->\n<div class=\"kf-menu-item-2 element-anim-1 scroll-animate\" data-animate=\"active\">\n\t\t<div class=\"image kf-image-hover\">\n\t\t<a href=\"https:\/\/lamariarestaurante.com\/wp-content\/uploads\/2025\/11\/lamaria-preview.webp\" data-elementor-open-lightbox=\"yes\" data-elementor-lightbox-title=\"CREME BRULEE\"><img decoding=\"async\" src=\"https:\/\/lamariarestaurante.com\/wp-content\/uploads\/2025\/11\/lamaria-preview.webp\" alt=\"CREME BRULEE\" title=\"\"><\/a>\n\t<\/div>\n\t\t<div class=\"desc\">\n\t\t<h5 class=\"name\">CREME BRULEE<\/h5>\n\t\t\t\t<div class=\"subname\">\n\t\t\tVanilla cr\u00e8me br\u00fbl\u00e9e, accompanied by fruits from Paradise, under a golden crust that cracks like a delicate memory.\t\t<\/div>\n\t\t\t\t\t\t<div class=\"price\">\n\t\t\t<span>$27.000<\/span>\n\t\t<\/div>\n\t\t\t<\/div>\n<\/div>\n<!-- menu item end -->\n\n\n<!-- menu item -->\n<div class=\"kf-menu-item-2 element-anim-1 scroll-animate\" data-animate=\"active\">\n\t\t<div class=\"image kf-image-hover\">\n\t\t<a href=\"https:\/\/lamariarestaurante.com\/wp-content\/uploads\/2025\/11\/lamaria-preview.webp\" data-elementor-open-lightbox=\"yes\" data-elementor-lightbox-title=\"EXPLOSI\u00d3N DE CHOCOLATE MARYN\"><img decoding=\"async\" src=\"https:\/\/lamariarestaurante.com\/wp-content\/uploads\/2025\/11\/lamaria-preview.webp\" alt=\"CHOCOLATE EXPLOSION MARYN\" title=\"\"><\/a>\n\t<\/div>\n\t\t<div class=\"desc\">\n\t\t<h5 class=\"name\">CHOCOLATE EXPLOSION MARYN<\/h5>\n\t\t\t\t<div class=\"subname\">\n\t\t\tVanilla ice cream with fresh fruit and caramelized almonds, protected inside a chocolate bubble that breaks like a moment revealed in the final pages of memory.\t\t<\/div>\n\t\t\t\t\t\t<div class=\"price\">\n\t\t\t<span>$32.000<\/span>\n\t\t<\/div>\n\t\t\t<\/div>\n<\/div>\n<!-- menu item end -->\n\n\n<!-- menu item -->\n<div class=\"kf-menu-item-2 element-anim-1 scroll-animate\" data-animate=\"active\">\n\t\t<div class=\"image kf-image-hover\">\n\t\t<a href=\"https:\/\/lamariarestaurante.com\/wp-content\/uploads\/2025\/11\/lamaria-preview.webp\" data-elementor-open-lightbox=\"yes\" data-elementor-lightbox-title=\"PIE JUAN \u00c1NGEL\"><img decoding=\"async\" src=\"https:\/\/lamariarestaurante.com\/wp-content\/uploads\/2025\/11\/lamaria-preview.webp\" alt=\"JUAN \u00c1NGEL PIE\" title=\"\"><\/a>\n\t<\/div>\n\t\t<div class=\"desc\">\n\t\t<h5 class=\"name\">JUAN \u00c1NGEL PIE<\/h5>\n\t\t\t\t<div class=\"subname\">\n\t\t\tLemon pie on a golden biscuit base, as light and luminous as the spirit of Juan \u00c1ngel.\t\t<\/div>\n\t\t\t\t\t\t<div class=\"price\">\n\t\t\t<span>$27.000<\/span>\n\t\t<\/div>\n\t\t\t<\/div>\n<\/div>\n<!-- menu item end -->\n\n\n<!-- menu item -->\n<div class=\"kf-menu-item-2 element-anim-1 scroll-animate\" data-animate=\"active\">\n\t\t<div class=\"image kf-image-hover\">\n\t\t<a href=\"https:\/\/lamariarestaurante.com\/wp-content\/uploads\/2025\/11\/lamaria-preview.webp\" data-elementor-open-lightbox=\"yes\" data-elementor-lightbox-title=\"TORTA JORGE ISAAC\"><img decoding=\"async\" src=\"https:\/\/lamariarestaurante.com\/wp-content\/uploads\/2025\/11\/lamaria-preview.webp\" alt=\"JORGE ISAAC CAKE\" title=\"\"><\/a>\n\t<\/div>\n\t\t<div class=\"desc\">\n\t\t<h5 class=\"name\">JORGE ISAAC CAKE<\/h5>\n\t\t\t\t<div class=\"subname\">\n\t\t\tWarm almoj\u00e1bana cake with guava paste, guava jelly, and a scoop of ice cream. Sweet and warm like a page written from the soul. The Valley served in an icy sigh.\t\t<\/div>\n\t\t\t\t\t\t<div class=\"price\">\n\t\t\t<span>$27.000<\/span>\n\t\t<\/div>\n\t\t\t<\/div>\n<\/div>\n<!-- menu item end -->\n\n\n<!-- menu item -->\n<div class=\"kf-menu-item-2 element-anim-1 scroll-animate\" data-animate=\"active\">\n\t\t<div class=\"image kf-image-hover\">\n\t\t<a href=\"https:\/\/lamariarestaurante.com\/wp-content\/uploads\/2025\/11\/lamaria-preview.webp\" data-elementor-open-lightbox=\"yes\" data-elementor-lightbox-title=\"WAFFLES DE PANDEBONO\"><img decoding=\"async\" src=\"https:\/\/lamariarestaurante.com\/wp-content\/uploads\/2025\/11\/lamaria-preview.webp\" alt=\"PANDEBONO WAFFLES\" title=\"\"><\/a>\n\t<\/div>\n\t\t<div class=\"desc\">\n\t\t<h5 class=\"name\">PANDEBONO WAFFLES<\/h5>\n\t\t\t\t<div class=\"subname\">\n\t\t\tBathed in dulce de leche sauce, accompanied by seasonal fruits and topped with vanilla ice cream, as a sweet and serene end to the memory.\t\t<\/div>\n\t\t\t\t\t\t<div class=\"price\">\n\t\t\t<span>$27.000<\/span>\n\t\t<\/div>\n\t\t\t<\/div>\n<\/div>\n<!-- menu item end -->\n\t\t<\/div>\n\n\t\t\n\t\t\t\t\t\t<\/div>\n\t\t\t\t<\/div>\n\t\t\t\t<div class=\"elementor-element elementor-element-1196dd7 elementor-widget elementor-widget-heading\" data-id=\"1196dd7\" data-element_type=\"widget\" data-e-type=\"widget\" data-widget_type=\"heading.default\">\n\t\t\t\t\t<p class=\"elementor-heading-title elementor-size-default\">All our prices are in Colombian Pesos (COP). Prices include consumption tax. A 10% gratuity is suggested.<\/p>\t\t\t\t<\/div>\n\t\t\t\t\t<\/div>\n\t\t\t\t<\/div>\n\t\t\t\t<\/div>","protected":false},"excerpt":{"rendered":"<p>POSTRES CHEESCAKE Con frutos rojos, base de galleta y flores de mar\u00eda. $20.000 CREME BRULEE De vainilla con frutos del para\u00edso. $23.000 EXPLOSI\u00d3N DE CHOCOLATE MARYN Helado de vainilla con frutas frescas y almendras caramelizadas dentro de una burbuja de chocolate. $28.000 PIE JUAN&#8230; <\/p>\n<div class=\"readmore\"><a href=\"https:\/\/lamariarestaurante.com\/en\/restaurant\/item\/waffles-de-pandebono\/\" class=\"kf-btn-link\"><span>Read more<\/span> <i class=\"fas fa-chevron-right\"><\/i><\/a><\/div>","protected":false},"author":1,"featured_media":0,"parent":1480,"menu_order":0,"comment_status":"closed","ping_status":"closed","template":"template-layout-builder.php","meta":{"_acf_changed":false,"footnotes":""},"class_list":["post-1809","page","type-page","status-publish","hentry"],"acf":[],"_links":{"self":[{"href":"https:\/\/lamariarestaurante.com\/en\/wp-json\/wp\/v2\/pages\/1809","targetHints":{"allow":["GET"]}}],"collection":[{"href":"https:\/\/lamariarestaurante.com\/en\/wp-json\/wp\/v2\/pages"}],"about":[{"href":"https:\/\/lamariarestaurante.com\/en\/wp-json\/wp\/v2\/types\/page"}],"author":[{"embeddable":true,"href":"https:\/\/lamariarestaurante.com\/en\/wp-json\/wp\/v2\/users\/1"}],"replies":[{"embeddable":true,"href":"https:\/\/lamariarestaurante.com\/en\/wp-json\/wp\/v2\/comments?post=1809"}],"version-history":[{"count":8,"href":"https:\/\/lamariarestaurante.com\/en\/wp-json\/wp\/v2\/pages\/1809\/revisions"}],"predecessor-version":[{"id":1918,"href":"https:\/\/lamariarestaurante.com\/en\/wp-json\/wp\/v2\/pages\/1809\/revisions\/1918"}],"up":[{"embeddable":true,"href":"https:\/\/lamariarestaurante.com\/en\/wp-json\/wp\/v2\/pages\/1480"}],"wp:attachment":[{"href":"https:\/\/lamariarestaurante.com\/en\/wp-json\/wp\/v2\/media?parent=1809"}],"curies":[{"name":"wp","href":"https:\/\/api.w.org\/{rel}","templated":true}]}}