{"id":1781,"date":"2025-11-24T11:22:26","date_gmt":"2025-11-24T16:22:26","guid":{"rendered":"https:\/\/lamariarestaurante.com\/?page_id=1781"},"modified":"2026-03-16T11:40:46","modified_gmt":"2026-03-16T16:40:46","slug":"pastas-arroces","status":"publish","type":"page","link":"https:\/\/lamariarestaurante.com\/en\/menu\/pastas-arroces\/","title":{"rendered":"Pastas &#038; Arroces"},"content":{"rendered":"<div data-elementor-type=\"wp-page\" data-elementor-id=\"1781\" class=\"elementor elementor-1781\" data-elementor-post-type=\"page\">\n\t\t\t\t<div class=\"elementor-element elementor-element-f10e156 e-con-full e-flex e-con e-parent\" data-id=\"f10e156\" data-element_type=\"container\" data-e-type=\"container\" data-settings=\"{&quot;background_background&quot;:&quot;classic&quot;}\">\n\t\t\t\t<div class=\"elementor-element elementor-element-9a1e734 elementor-widget elementor-widget-heading\" data-id=\"9a1e734\" data-element_type=\"widget\" data-e-type=\"widget\" data-widget_type=\"heading.default\">\n\t\t\t\t\t<h2 class=\"elementor-heading-title elementor-size-default\">PASTA &amp; RICE<\/h2>\t\t\t\t<\/div>\n\t\t\t\t<\/div>\n\t\t<div class=\"elementor-element elementor-element-e7930a3 e-flex e-con-boxed e-con e-parent\" data-id=\"e7930a3\" data-element_type=\"container\" data-e-type=\"container\" data-settings=\"{&quot;background_background&quot;:&quot;classic&quot;}\">\n\t\t\t\t\t<div class=\"e-con-inner\">\n\t\t\t\t<div class=\"elementor-element elementor-element-a15e1ce elementor-widget elementor-widget-kaffen-restaurant-menu-list\" data-id=\"a15e1ce\" data-element_type=\"widget\" data-e-type=\"widget\" data-widget_type=\"kaffen-restaurant-menu-list.default\">\n\t\t\t\t<div class=\"elementor-widget-container\">\n\t\t\t\t\t\n\t\t\t\t<div class=\"kf-menu-items-2\">\n\t\t\t\n\n<!-- menu item -->\n<div class=\"kf-menu-item-2 element-anim-1 scroll-animate\" data-animate=\"active\">\n\t\t<div class=\"image kf-image-hover\">\n\t\t<a href=\"https:\/\/lamariarestaurante.com\/wp-content\/uploads\/2025\/11\/lamaria-preview.webp\" data-elementor-open-lightbox=\"yes\" data-elementor-lightbox-title=\"ARROZ ATOLLADO DEL VALLE\"><img decoding=\"async\" src=\"https:\/\/lamariarestaurante.com\/wp-content\/uploads\/2025\/11\/lamaria-preview.webp\" alt=\"Valley-Style Rice\" title=\"\"><\/a>\n\t<\/div>\n\t\t<div class=\"desc\">\n\t\t<h5 class=\"name\">Valley-Style Rice<\/h5>\n\t\t\t\t<div class=\"subname\">\n\t\t\tA dish rooted in the Valle del Cauca region that brings together chicken, pork loin and country-style chorizo, amidst fragrant sofrito, chunks of ripe plantain, wild boar and crispy pork rinds, like a generous table where the vibrant flavors of the Valley converge, accompanying the story of Maria and Efra\u00edn.\t\t<\/div>\n\t\t\t\t\t\t<div class=\"price\">\n\t\t\t<span>$50.000<\/span>\n\t\t<\/div>\n\t\t\t<\/div>\n<\/div>\n<!-- menu item end -->\n\n\n<!-- menu item -->\n<div class=\"kf-menu-item-2 element-anim-1 scroll-animate\" data-animate=\"active\">\n\t\t<div class=\"image kf-image-hover\">\n\t\t<a href=\"https:\/\/lamariarestaurante.com\/wp-content\/uploads\/2025\/11\/lamaria-preview.webp\" data-elementor-open-lightbox=\"yes\" data-elementor-lightbox-title=\"ARROZ IRAKA\"><img decoding=\"async\" src=\"https:\/\/lamariarestaurante.com\/wp-content\/uploads\/2025\/11\/lamaria-preview.webp\" alt=\"IRAKA RICE\" title=\"\"><\/a>\n\t<\/div>\n\t\t<div class=\"desc\">\n\t\t<h5 class=\"name\">IRAKA RICE<\/h5>\n\t\t\t\t<div class=\"subname\">\n\t\t\tOriental rice with sweet and sour shrimp, chicken, sausage, vegetables, ginger, soy sauce, and fruit vinegar. A rice dish that evokes the flavors of the Orient and the tropics, with aromas that awaken body and soul.\t\t<\/div>\n\t\t\t\t\t\t<div class=\"price\">\n\t\t\t<span>$50.000<\/span>\n\t\t<\/div>\n\t\t\t<\/div>\n<\/div>\n<!-- menu item end -->\n\n\n<!-- menu item -->\n<div class=\"kf-menu-item-2 element-anim-1 scroll-animate\" data-animate=\"active\">\n\t\t<div class=\"image kf-image-hover\">\n\t\t<a href=\"https:\/\/lamariarestaurante.com\/wp-content\/uploads\/2025\/11\/lamaria-preview.webp\" data-elementor-open-lightbox=\"yes\" data-elementor-lightbox-title=\"MESTIZAJE DEL PUERTO\"><img decoding=\"async\" src=\"https:\/\/lamariarestaurante.com\/wp-content\/uploads\/2025\/11\/lamaria-preview.webp\" alt=\"PORTO MESTIZAJE\" title=\"\"><\/a>\n\t<\/div>\n\t\t<div class=\"desc\">\n\t\t<h5 class=\"name\">PORTO MESTIZAJE<\/h5>\n\t\t\t\t<div class=\"subname\">\n\t\t\tStir-fried pasta with chicken, shrimp and tamarind glaze.\t\t<\/div>\n\t\t\t\t\t\t<div class=\"price\">\n\t\t\t<span>$47.000<\/span>\n\t\t<\/div>\n\t\t\t<\/div>\n<\/div>\n<!-- menu item end -->\n\n\n<!-- menu item -->\n<div class=\"kf-menu-item-2 element-anim-1 scroll-animate\" data-animate=\"active\">\n\t\t<div class=\"image kf-image-hover\">\n\t\t<a href=\"https:\/\/lamariarestaurante.com\/wp-content\/uploads\/2025\/11\/lamaria-preview.webp\" data-elementor-open-lightbox=\"yes\" data-elementor-lightbox-title=\"PASTA ALFREDO\"><img decoding=\"async\" src=\"https:\/\/lamariarestaurante.com\/wp-content\/uploads\/2025\/11\/lamaria-preview.webp\" alt=\"ALFREDO PASTA\" title=\"\"><\/a>\n\t<\/div>\n\t\t<div class=\"desc\">\n\t\t<h5 class=\"name\">ALFREDO PASTA<\/h5>\n\t\t\t\t<div class=\"subname\">\n\t\t\tPasta with chicken, ham and mushrooms in a creamy white sauce. A warm caress served al dente: soft, comforting, and perfect for the soul hungry for solace.\t\t<\/div>\n\t\t\t\t\t\t<div class=\"price\">\n\t\t\t<span>$46.000<\/span>\n\t\t<\/div>\n\t\t\t<\/div>\n<\/div>\n<!-- menu item end -->\n\n\n<!-- menu item -->\n<div class=\"kf-menu-item-2 element-anim-1 scroll-animate\" data-animate=\"active\">\n\t\t<div class=\"image kf-image-hover\">\n\t\t<a href=\"https:\/\/lamariarestaurante.com\/wp-content\/uploads\/2025\/11\/lamaria-preview.webp\" data-elementor-open-lightbox=\"yes\" data-elementor-lightbox-title=\"PASTA CARBONARA\"><img decoding=\"async\" src=\"https:\/\/lamariarestaurante.com\/wp-content\/uploads\/2025\/11\/lamaria-preview.webp\" alt=\"PASTA CARBONARA\" title=\"\"><\/a>\n\t<\/div>\n\t\t<div class=\"desc\">\n\t\t<h5 class=\"name\">PASTA CARBONARA<\/h5>\n\t\t\t\t<div class=\"subname\">\n\t\t\tPasta with crispy bacon and creamy sauce. Simple, tasty, and timeless.\t\t<\/div>\n\t\t\t\t\t\t<div class=\"price\">\n\t\t\t<span>$45.000<\/span>\n\t\t<\/div>\n\t\t\t<\/div>\n<\/div>\n<!-- menu item end -->\n\n\n<!-- menu item -->\n<div class=\"kf-menu-item-2 element-anim-1 scroll-animate\" data-animate=\"active\">\n\t\t<div class=\"image kf-image-hover\">\n\t\t<a href=\"https:\/\/lamariarestaurante.com\/wp-content\/uploads\/2025\/11\/lamaria-preview.webp\" data-elementor-open-lightbox=\"yes\" data-elementor-lightbox-title=\"PASTA CON POLLO A LA NAPOLITANA\"><img decoding=\"async\" src=\"https:\/\/lamariarestaurante.com\/wp-content\/uploads\/2025\/11\/lamaria-preview.webp\" alt=\"Pasta with Neapolitan Chicken\" title=\"\"><\/a>\n\t<\/div>\n\t\t<div class=\"desc\">\n\t\t<h5 class=\"name\">Pasta with Neapolitan Chicken<\/h5>\n\t\t\t\t<div class=\"subname\">\n\t\t\tWith cherry tomato, mushroom and basil, finished with cream. \t\t<\/div>\n\t\t\t\t\t\t<div class=\"price\">\n\t\t\t<span>$47.000<\/span>\n\t\t<\/div>\n\t\t\t<\/div>\n<\/div>\n<!-- menu item end -->\n\n\n<!-- menu item -->\n<div class=\"kf-menu-item-2 element-anim-1 scroll-animate\" data-animate=\"active\">\n\t\t<div class=\"image kf-image-hover\">\n\t\t<a href=\"https:\/\/lamariarestaurante.com\/wp-content\/uploads\/2025\/11\/lamaria-preview.webp\" data-elementor-open-lightbox=\"yes\" data-elementor-lightbox-title=\"PASTA FRUTO DE MAR\"><img decoding=\"async\" src=\"https:\/\/lamariarestaurante.com\/wp-content\/uploads\/2025\/11\/lamaria-preview.webp\" alt=\"SEAFOOD PASTA\" title=\"\"><\/a>\n\t<\/div>\n\t\t<div class=\"desc\">\n\t\t<h5 class=\"name\">SEAFOOD PASTA<\/h5>\n\t\t\t\t<div class=\"subname\">\n\t\t\tSeafood pasta, with shrimp, squid, prawns and mussels in garlic sauce, evoking the Pacific breezes that accompany Emma's confidences.\t\t<\/div>\n\t\t\t\t\t\t<div class=\"price\">\n\t\t\t<span>$74.000<\/span>\n\t\t<\/div>\n\t\t\t<\/div>\n<\/div>\n<!-- menu item end -->\n\t\t<\/div>\n\n\t\t\n\t\t\t\t\t\t<\/div>\n\t\t\t\t<\/div>\n\t\t\t\t<div class=\"elementor-element elementor-element-1196dd7 elementor-widget elementor-widget-heading\" data-id=\"1196dd7\" data-element_type=\"widget\" data-e-type=\"widget\" data-widget_type=\"heading.default\">\n\t\t\t\t\t<p class=\"elementor-heading-title elementor-size-default\">All our prices are in Colombian Pesos (COP). Prices include consumption tax. A 10% gratuity is suggested.<\/p>\t\t\t\t<\/div>\n\t\t\t\t\t<\/div>\n\t\t\t\t<\/div>\n\t\t\t\t<\/div>","protected":false},"excerpt":{"rendered":"<p>PASTAS &amp; ARROCES ARROZ ATOLLADO DEL VALLE Plato de ra\u00edz vallecaucana que re\u00fane pollo, lomito de cerdo y chorizo campesino, entre sofrito fragante, tropezones de maduro, cimarr\u00f3n y chicharr\u00f3n crocante, como una mesa generosa donde confluyen los sabores vivos del Valle que acompa\u00f1aron la&#8230; <\/p>\n<div class=\"readmore\"><a href=\"https:\/\/lamariarestaurante.com\/en\/restaurant\/item\/pasta-fruto-de-mar\/\" class=\"kf-btn-link\"><span>Read more<\/span> <i class=\"fas fa-chevron-right\"><\/i><\/a><\/div>","protected":false},"author":1,"featured_media":0,"parent":1480,"menu_order":0,"comment_status":"closed","ping_status":"closed","template":"template-layout-builder.php","meta":{"_acf_changed":false,"footnotes":""},"class_list":["post-1781","page","type-page","status-publish","hentry"],"acf":[],"_links":{"self":[{"href":"https:\/\/lamariarestaurante.com\/en\/wp-json\/wp\/v2\/pages\/1781","targetHints":{"allow":["GET"]}}],"collection":[{"href":"https:\/\/lamariarestaurante.com\/en\/wp-json\/wp\/v2\/pages"}],"about":[{"href":"https:\/\/lamariarestaurante.com\/en\/wp-json\/wp\/v2\/types\/page"}],"author":[{"embeddable":true,"href":"https:\/\/lamariarestaurante.com\/en\/wp-json\/wp\/v2\/users\/1"}],"replies":[{"embeddable":true,"href":"https:\/\/lamariarestaurante.com\/en\/wp-json\/wp\/v2\/comments?post=1781"}],"version-history":[{"count":11,"href":"https:\/\/lamariarestaurante.com\/en\/wp-json\/wp\/v2\/pages\/1781\/revisions"}],"predecessor-version":[{"id":1948,"href":"https:\/\/lamariarestaurante.com\/en\/wp-json\/wp\/v2\/pages\/1781\/revisions\/1948"}],"up":[{"embeddable":true,"href":"https:\/\/lamariarestaurante.com\/en\/wp-json\/wp\/v2\/pages\/1480"}],"wp:attachment":[{"href":"https:\/\/lamariarestaurante.com\/en\/wp-json\/wp\/v2\/media?parent=1781"}],"curies":[{"name":"wp","href":"https:\/\/api.w.org\/{rel}","templated":true}]}}