{"id":17,"date":"2022-03-21T15:39:46","date_gmt":"2022-03-21T15:39:46","guid":{"rendered":"https:\/\/kaffen-demo.bslthemes.com\/?page_id=17"},"modified":"2026-03-16T08:19:23","modified_gmt":"2026-03-16T13:19:23","slug":"home","status":"publish","type":"page","link":"https:\/\/lamariarestaurante.com\/en\/","title":{"rendered":"La Mar\u00eda Restaurante | Cocina de Herencia by Movich Hotels"},"content":{"rendered":"<div data-elementor-type=\"wp-page\" data-elementor-id=\"17\" class=\"elementor elementor-17\" data-elementor-post-type=\"page\">\n\t\t\t\t<div class=\"elementor-element elementor-element-216cea2 e-con-full e-flex e-con e-parent\" data-id=\"216cea2\" data-element_type=\"container\" data-e-type=\"container\" data-settings=\"{&quot;background_background&quot;:&quot;classic&quot;}\">\n\t\t\t\t<\/div>\n\t\t\t\t<section class=\"elementor-section elementor-top-section elementor-element elementor-element-6675435 elementor-section-full_width elementor-section-height-default elementor-section-height-default\" data-id=\"6675435\" data-element_type=\"section\" data-e-type=\"section\" data-settings=\"{&quot;background_background&quot;:&quot;classic&quot;}\">\n\t\t\t\t\t\t\t<div class=\"elementor-background-overlay\"><\/div>\n\t\t\t\t\t\t\t<div class=\"elementor-container elementor-column-gap-no\">\n\t\t\t\t\t<div class=\"elementor-column elementor-col-100 elementor-top-column elementor-element elementor-element-a2ce3c3\" data-id=\"a2ce3c3\" data-element_type=\"column\" data-e-type=\"column\">\n\t\t\t<div class=\"elementor-widget-wrap elementor-element-populated\">\n\t\t\t\t\t\t<div class=\"elementor-element elementor-element-ddd98e1 elementor-widget elementor-widget-kaffen-about-us\" data-id=\"ddd98e1\" data-element_type=\"widget\" data-e-type=\"widget\" data-widget_type=\"kaffen-about-us.default\">\n\t\t\t\t<div class=\"elementor-widget-container\">\n\t\t\t\t\t\n    <!-- Section About -->\n    <section class=\"section kf-about\">\n      <div class=\"container\">\n\n        <div class=\"row\">\n          <div class=\"col-xs-12 col-sm-12 col-md-12 col-lg-5\">\n                        <div class=\"kf-titles\">\n                            <div class=\"kf-subtitle element-anim-1 scroll-animate\" data-animate=\"active\">\n                <span >\n                  LA MAR\u00cdA RESTAURANT BY MOVICH                <\/span>\n              <\/div>\n                                          <h3 class=\"kf-title element-anim-1 scroll-animate\" data-animate=\"active\">\n                <span >\n                  Local flavor, sophisticated atmosphere, and unique experiences                <\/span>\n              <\/h3>\n                          <\/div>\n            \n                        <div class=\"kf-text element-anim-1 scroll-animate\" data-animate=\"active\">\n              <div >\n                <p>Located in the Movich Casa del Alf\u00e9rez hotel in Cali, this restaurant offers a gastronomic experience that blends tradition, elegance, and authentic flavors from the Pacific coast and the Cauca Valley. Its culinary offerings highlight fresh, local ingredients, contemporary techniques, and a menu that pays homage to Cali's culture. In a warm and sophisticated atmosphere, guests enjoy carefully crafted dishes, signature cocktails, and impeccable service that makes every visit a memorable occasion.\u00a0<\/p>              <\/div>\n            <\/div>\n            \n                        <div class=\"kf-about-quote element-anim-1 scroll-animate\" data-animate=\"active\">\n                            <img decoding=\"async\" src=\"https:\/\/lamariarestaurante.com\/wp-content\/uploads\/2025\/11\/cropped-favicon-lamaria.png\" alt=\"image\" title=\"\">\n                                          <div >\n                \"Very good restaurant with great presentation and delicious flavor in its dishes, thanks to the restaurant staff for their excellent service.\"               <\/div>\n                          <\/div>\n                      <\/div>\n          <div class=\"col-xs-12 col-sm-12 col-md-12 col-lg-7\">\n                        <div class=\"kf-about-image element-anim-1 scroll-animate\" data-animate=\"active\">\n              <img decoding=\"async\" src=\"https:\/\/lamariarestaurante.com\/wp-content\/uploads\/2025\/11\/pescados2.jpg\" alt=\"image\" title=\"\">\n            <\/div>\n                      <\/div>\n        <\/div>\n\n      <\/div>\n    <\/section>\n\n\t\t\t\t\t\t<\/div>\n\t\t\t\t<\/div>\n\t\t\t\t\t<\/div>\n\t\t<\/div>\n\t\t\t\t\t<\/div>\n\t\t<\/section>\n\t\t\t\t<section class=\"elementor-section elementor-top-section elementor-element elementor-element-d9bed78 elementor-section-full_width elementor-section-height-default elementor-section-height-default\" data-id=\"d9bed78\" data-element_type=\"section\" data-e-type=\"section\">\n\t\t\t\t\t\t<div class=\"elementor-container elementor-column-gap-no\">\n\t\t\t\t\t<div class=\"elementor-column elementor-col-100 elementor-top-column elementor-element elementor-element-9c4f793\" data-id=\"9c4f793\" data-element_type=\"column\" data-e-type=\"column\">\n\t\t\t<div class=\"elementor-widget-wrap elementor-element-populated\">\n\t\t\t\t\t\t<div class=\"elementor-element elementor-element-ff82017 elementor-widget elementor-widget-kaffen-cta\" data-id=\"ff82017\" data-element_type=\"widget\" data-e-type=\"widget\" data-widget_type=\"kaffen-cta.default\">\n\t\t\t\t<div class=\"elementor-widget-container\">\n\t\t\t\t\t\n\t\t<!-- Section CTA -->\n\t\t<section class=\"section kf-cta kf-parallax\" style=\"background-image: url('https:\/\/lamariarestaurante.com\/wp-content\/uploads\/2025\/11\/back-banner-menu.webp');\">\n\t\t\t<div class=\"container\">\n\n\t\t\t\t<div class=\"row\">\n\t\t\t\t\t<div class=\"col-xs-12 col-sm-12 col-md-12 col-lg-8\">\n\t\t\t\t\t\t\t\t\t\t\t\t<div class=\"kf-titles\">\n\t\t\t\t\t\t\t\t\t\t\t\t\t\t<div class=\"kf-subtitle element-anim-1 scroll-animate\" data-animate=\"active\">\n\t\t\t\t\t\t\t\t<span >\n                  Explore our menu and be amazed                <\/span>\n\t\t\t\t\t\t\t<\/div>\n\t\t\t\t\t\t\t\t\t\t\t\t\t\t\t\t\t\t\t\t\t<h3 class=\"kf-title element-anim-1 scroll-animate\" data-animate=\"active\">\n\t\t\t\t\t\t\t\t<span >\n                  Discover the Flavors of Our Heritage Cuisine                <\/span>\n\t\t\t\t\t\t\t<\/h3>\n\t\t\t\t\t\t\t\t\t\t\t\t\t<\/div>\n\t\t\t\t\t\t\t\t\t\t\t<\/div>\n\t\t\t\t\t<div class=\"col-xs-12 col-sm-12 col-md-12 col-lg-4 align-self-center align-right\">\n\t\t\t\t\t\t\t\t\t\t\t\t<a href=\"\/en\/menu\/\" class=\"kf-btn element-anim-1 scroll-animate\" data-animate=\"active\">\n\t\t\t\t\t\t\t<span >\n\t\t\t\t\t\t\t\tVIEW FULL MENU\t\t\t\t\t\t\t<\/span>\n\t\t\t\t\t\t\t<i class=\"fas fa-chevron-right\"><\/i>\n\t\t\t\t\t\t<\/a>\n\t\t\t\t\t\t\t\t\t\t\t<\/div>\n\t\t\t\t<\/div>\n\n\t\t\t<\/div>\n\t\t<\/section>\n\n\t\t\t\t\t\t<\/div>\n\t\t\t\t<\/div>\n\t\t\t\t\t<\/div>\n\t\t<\/div>\n\t\t\t\t\t<\/div>\n\t\t<\/section>\n\t\t\t\t<section class=\"elementor-section elementor-top-section elementor-element elementor-element-377f7f1 elementor-section-full_width elementor-section-height-default elementor-section-height-default\" data-id=\"377f7f1\" data-element_type=\"section\" data-e-type=\"section\" data-settings=\"{&quot;background_background&quot;:&quot;classic&quot;}\">\n\t\t\t\t\t\t\t<div class=\"elementor-background-overlay\"><\/div>\n\t\t\t\t\t\t\t<div class=\"elementor-container elementor-column-gap-no\">\n\t\t\t\t\t<div class=\"elementor-column elementor-col-100 elementor-top-column elementor-element elementor-element-6077c60\" data-id=\"6077c60\" data-element_type=\"column\" data-e-type=\"column\">\n\t\t\t<div class=\"elementor-widget-wrap elementor-element-populated\">\n\t\t\t\t\t\t<div class=\"elementor-element elementor-element-c2d1e4b elementor-widget elementor-widget-kaffen-about-benefits\" data-id=\"c2d1e4b\" data-element_type=\"widget\" data-e-type=\"widget\" data-widget_type=\"kaffen-about-benefits.default\">\n\t\t\t\t<div class=\"elementor-widget-container\">\n\t\t\t\t\t\n    <!-- Section Choose -->\n    <section class=\"section kf-choose\">\n      <div class=\"container\">\n                        <div class=\"kf-parallax-icon pi-1\" data-jarallax-element=\"-60\">\n          <div class=\"p-icon\" style=\"background-image: url('');\"><\/div>\n        <\/div>\n                        <div class=\"kf-parallax-icon pi-2\" data-jarallax-element=\"-80\">\n          <div class=\"p-icon\" style=\"background-image: url('');\"><\/div>\n        <\/div>\n                        <div class=\"kf-parallax-icon pi-3\" data-jarallax-element=\"-40\">\n          <div class=\"p-icon\" style=\"background-image: url('');\"><\/div>\n        <\/div>\n                \n        <div class=\"row\">\n\t\t\t\t\t\n\t\t\t\t\t<div class=\"col-xs-12 col-sm-12 col-md-12 col-lg-6\">\n                        <div class=\"kf-choose-image element-anim-1 scroll-animate\" data-animate=\"active\">\n              <img decoding=\"async\" src=\"https:\/\/lamariarestaurante.com\/wp-content\/uploads\/2025\/11\/award-lamaria.png\" alt=\"image\" title=\"\">\n            <\/div>\n                      <\/div>\n          <div class=\"col-xs-12 col-sm-12 col-md-12 col-lg-5 offset-lg-1 align-self-center\">\n                        <div class=\"kf-titles\">\n                            <div class=\"kf-subtitle element-anim-1 scroll-animate\" data-animate=\"active\">\n                <span >\n                  EXPLORE THE FLAVORS OF THE PACIFIC                <\/span>\n              <\/div>\n                                          <h3 class=\"kf-title element-anim-1 scroll-animate\" data-animate=\"active\">\n                <span >\n                  LA MAR\u00cdA RESTAURANT BY MOVICH HOTELS                <\/span>\n              <\/h3>\n                          <\/div>\n            \n                        <div class=\"kf-text element-anim-1 scroll-animate\" data-animate=\"active\">\n              <div >\n                <p>La Mar\u00eda Restaurant invites you to discover the essence of Cali's flavor with fresh ingredients and a culinary experience created to enjoy every moment.<\/p>              <\/div>\n            <\/div>\n            \n                        <div class=\"kf-choose-list\">\n              <ul>\n                                <li class=\"element-anim-1 scroll-animate\" data-animate=\"active\">\n                                    <div class=\"icon\">\n                    <img decoding=\"async\" src=\"https:\/\/lamariarestaurante.com\/wp-content\/uploads\/2025\/11\/icon1-lamaria.png\" alt=\"icon\" title=\"\">\n                  <\/div>\n                                                      <div class=\"desc\">\n                                        <h5 class=\"name\">\n                                              <span >\n                          Signature Cuisine                        <\/span>\n                                          <\/h5>\n                                                            <div class=\"subname\">\n                      <span >\n                        Unique recipes prepared by expert chefs that elevate every flavor.                      <\/span>\n                    <\/div>\n                                      <\/div>\n                                  <\/li>\n                                <li class=\"element-anim-1 scroll-animate\" data-animate=\"active\">\n                                    <div class=\"icon\">\n                    <img decoding=\"async\" src=\"https:\/\/lamariarestaurante.com\/wp-content\/uploads\/2025\/11\/icon2-lamaria.png\" alt=\"icon\" title=\"\">\n                  <\/div>\n                                                      <div class=\"desc\">\n                                        <h5 class=\"name\">\n                                              <span >\n                          Exclusive Atmosphere                        <\/span>\n                                          <\/h5>\n                                                            <div class=\"subname\">\n                      <span >\n                        An elegant and welcoming space to experience memorable moments.                      <\/span>\n                    <\/div>\n                                      <\/div>\n                                  <\/li>\n                                <li class=\"element-anim-1 scroll-animate\" data-animate=\"active\">\n                                    <div class=\"icon\">\n                    <img decoding=\"async\" src=\"https:\/\/lamariarestaurante.com\/wp-content\/uploads\/2025\/11\/3icon2-lamaria.png\" alt=\"icon\" title=\"\">\n                  <\/div>\n                                                      <div class=\"desc\">\n                                        <h5 class=\"name\">\n                                              <span >\n                          Fresh Ingredients                        <\/span>\n                                          <\/h5>\n                                                            <div class=\"subname\">\n                      <span >\n                        We enjoy creating dishes with locally sourced products selected each day.                      <\/span>\n                    <\/div>\n                                      <\/div>\n                                  <\/li>\n                              <\/ul>\n            <\/div>\n            \n                      <\/div>\n\n\t\t\t\t\t\n        <\/div>\n\n      <\/div>\n    <\/section>\n\n\t\t\t\t\t\t<\/div>\n\t\t\t\t<\/div>\n\t\t\t\t\t<\/div>\n\t\t<\/div>\n\t\t\t\t\t<\/div>\n\t\t<\/section>\n\t\t\t\t<section class=\"elementor-section elementor-top-section elementor-element elementor-element-5dbdccc elementor-section-full_width elementor-section-height-default elementor-section-height-default\" data-id=\"5dbdccc\" data-element_type=\"section\" data-e-type=\"section\">\n\t\t\t\t\t\t<div class=\"elementor-container elementor-column-gap-no\">\n\t\t\t\t\t<div class=\"elementor-column elementor-col-100 elementor-top-column elementor-element elementor-element-755d8d4\" data-id=\"755d8d4\" data-element_type=\"column\" data-e-type=\"column\">\n\t\t\t<div class=\"elementor-widget-wrap elementor-element-populated\">\n\t\t\t\t\t\t<div class=\"elementor-element elementor-element-b0cf4f3 elementor-widget elementor-widget-kaffen-cta\" data-id=\"b0cf4f3\" data-element_type=\"widget\" data-e-type=\"widget\" data-widget_type=\"kaffen-cta.default\">\n\t\t\t\t<div class=\"elementor-widget-container\">\n\t\t\t\t\t\n\t\t<!-- Section CTA -->\n\t\t<section class=\"section kf-cta kf-parallax\" style=\"background-image: url('https:\/\/lamariarestaurante.com\/wp-content\/uploads\/2025\/11\/back-banner-reservas.webp');\">\n\t\t\t<div class=\"container\">\n\n\t\t\t\t<div class=\"row\">\n\t\t\t\t\t<div class=\"col-xs-12 col-sm-12 col-md-12 col-lg-8\">\n\t\t\t\t\t\t\t\t\t\t\t\t<div class=\"kf-titles\">\n\t\t\t\t\t\t\t\t\t\t\t\t\t\t<div class=\"kf-subtitle element-anim-1 scroll-animate\" data-animate=\"active\">\n\t\t\t\t\t\t\t\t<span >\n                  Enjoy an authentic gastronomic experience from the Pacific and the Cauca Valley                <\/span>\n\t\t\t\t\t\t\t<\/div>\n\t\t\t\t\t\t\t\t\t\t\t\t\t\t\t\t\t\t\t\t\t<h3 class=\"kf-title element-anim-1 scroll-animate\" data-animate=\"active\">\n\t\t\t\t\t\t\t\t<span >\n                  ENJOY THE LOCAL FLAVOR, BOOK NOW!                <\/span>\n\t\t\t\t\t\t\t<\/h3>\n\t\t\t\t\t\t\t\t\t\t\t\t\t<\/div>\n\t\t\t\t\t\t\t\t\t\t\t<\/div>\n\t\t\t\t\t<div class=\"col-xs-12 col-sm-12 col-md-12 col-lg-4 align-self-center align-right\">\n\t\t\t\t\t\t\t\t\t\t\t\t<a href=\"\/en\/reservas\/\" class=\"kf-btn element-anim-1 scroll-animate\" data-animate=\"active\">\n\t\t\t\t\t\t\t<span >\n\t\t\t\t\t\t\t\tBOOK NOW!\t\t\t\t\t\t\t<\/span>\n\t\t\t\t\t\t\t<i class=\"fas fa-chevron-right\"><\/i>\n\t\t\t\t\t\t<\/a>\n\t\t\t\t\t\t\t\t\t\t\t<\/div>\n\t\t\t\t<\/div>\n\n\t\t\t<\/div>\n\t\t<\/section>\n\n\t\t\t\t\t\t<\/div>\n\t\t\t\t<\/div>\n\t\t\t\t\t<\/div>\n\t\t<\/div>\n\t\t\t\t\t<\/div>\n\t\t<\/section>\n\t\t<div class=\"elementor-element elementor-element-2973ba3 e-flex e-con-boxed e-con e-parent\" data-id=\"2973ba3\" data-element_type=\"container\" data-e-type=\"container\" data-settings=\"{&quot;background_background&quot;:&quot;classic&quot;}\">\n\t\t\t\t\t<div class=\"e-con-inner\">\n\t\t\t\t<div class=\"elementor-element elementor-element-6caef9a elementor-widget elementor-widget-heading\" data-id=\"6caef9a\" data-element_type=\"widget\" data-e-type=\"widget\" data-widget_type=\"heading.default\">\n\t\t\t\t\t<h3 class=\"elementor-heading-title elementor-size-default\">REVIEWS<\/h3>\t\t\t\t<\/div>\n\t\t\t\t<div class=\"elementor-element elementor-element-5bc70f6 elementor-widget elementor-widget-html\" data-id=\"5bc70f6\" data-element_type=\"widget\" data-e-type=\"widget\" data-widget_type=\"html.default\">\n\t\t\t\t\t<!-- Elfsight Google Reviews | La Mar\u00eda Google Reviews -->\r\n<script src=\"https:\/\/elfsightcdn.com\/platform.js\" async><\/script>\r\n<div class=\"elfsight-app-96473aba-a657-4bf7-8436-156850814f5d\" data-elfsight-app-lazy><\/div>\t\t\t\t<\/div>\n\t\t\t\t\t<\/div>\n\t\t\t\t<\/div>\n\t\t\t\t<\/div>","protected":false},"excerpt":{"rendered":"<p>LA MAR\u00cdA RESTAURANTE BY MOVICH Sabor Local, ambiente sofisticado y experiencias \u00fanicas Ubicado en Movich Casa del Alf\u00e9rez en Cali, ofrece una experiencia gastron\u00f3mica que combina tradici\u00f3n, elegancia y sabores aut\u00e9nticos del Pac\u00edfico y del Valle del Cauca. Su propuesta culinaria destaca ingredientes locales&#8230; <\/p>\n<div class=\"readmore\"><a href=\"https:\/\/lamariarestaurante.com\/en\/\" class=\"kf-btn-link\"><span>Read more<\/span> <i class=\"fas fa-chevron-right\"><\/i><\/a><\/div>","protected":false},"author":1,"featured_media":1526,"parent":0,"menu_order":0,"comment_status":"closed","ping_status":"closed","template":"template-layout-builder.php","meta":{"_acf_changed":false,"footnotes":""},"class_list":["post-17","page","type-page","status-publish","has-post-thumbnail","hentry"],"acf":[],"_links":{"self":[{"href":"https:\/\/lamariarestaurante.com\/en\/wp-json\/wp\/v2\/pages\/17","targetHints":{"allow":["GET"]}}],"collection":[{"href":"https:\/\/lamariarestaurante.com\/en\/wp-json\/wp\/v2\/pages"}],"about":[{"href":"https:\/\/lamariarestaurante.com\/en\/wp-json\/wp\/v2\/types\/page"}],"author":[{"embeddable":true,"href":"https:\/\/lamariarestaurante.com\/en\/wp-json\/wp\/v2\/users\/1"}],"replies":[{"embeddable":true,"href":"https:\/\/lamariarestaurante.com\/en\/wp-json\/wp\/v2\/comments?post=17"}],"version-history":[{"count":33,"href":"https:\/\/lamariarestaurante.com\/en\/wp-json\/wp\/v2\/pages\/17\/revisions"}],"predecessor-version":[{"id":1857,"href":"https:\/\/lamariarestaurante.com\/en\/wp-json\/wp\/v2\/pages\/17\/revisions\/1857"}],"wp:featuredmedia":[{"embeddable":true,"href":"https:\/\/lamariarestaurante.com\/en\/wp-json\/wp\/v2\/media\/1526"}],"wp:attachment":[{"href":"https:\/\/lamariarestaurante.com\/en\/wp-json\/wp\/v2\/media?parent=17"}],"curies":[{"name":"wp","href":"https:\/\/api.w.org\/{rel}","templated":true}]}}