{"id":1657,"date":"2025-11-24T09:06:38","date_gmt":"2025-11-24T14:06:38","guid":{"rendered":"https:\/\/lamariarestaurante.com\/?page_id=1657"},"modified":"2026-03-16T08:42:29","modified_gmt":"2026-03-16T13:42:29","slug":"entradas","status":"publish","type":"page","link":"https:\/\/lamariarestaurante.com\/en\/menu\/entradas\/","title":{"rendered":"Entradas"},"content":{"rendered":"<div data-elementor-type=\"wp-page\" data-elementor-id=\"1657\" class=\"elementor elementor-1657\" data-elementor-post-type=\"page\">\n\t\t\t\t<div class=\"elementor-element elementor-element-f10e156 e-con-full e-flex e-con e-parent\" data-id=\"f10e156\" data-element_type=\"container\" data-e-type=\"container\" data-settings=\"{&quot;background_background&quot;:&quot;classic&quot;}\">\n\t\t\t\t<div class=\"elementor-element elementor-element-9a1e734 elementor-widget elementor-widget-heading\" data-id=\"9a1e734\" data-element_type=\"widget\" data-e-type=\"widget\" data-widget_type=\"heading.default\">\n\t\t\t\t\t<h2 class=\"elementor-heading-title elementor-size-default\">APPETIZERS<\/h2>\t\t\t\t<\/div>\n\t\t\t\t<\/div>\n\t\t<div class=\"elementor-element elementor-element-e7930a3 e-flex e-con-boxed e-con e-parent\" data-id=\"e7930a3\" data-element_type=\"container\" data-e-type=\"container\" data-settings=\"{&quot;background_background&quot;:&quot;classic&quot;}\">\n\t\t\t\t\t<div class=\"e-con-inner\">\n\t\t\t\t<div class=\"elementor-element elementor-element-a15e1ce elementor-widget elementor-widget-kaffen-restaurant-menu-list\" data-id=\"a15e1ce\" data-element_type=\"widget\" data-e-type=\"widget\" data-widget_type=\"kaffen-restaurant-menu-list.default\">\n\t\t\t\t<div class=\"elementor-widget-container\">\n\t\t\t\t\t\n\t\t\t\t<div class=\"kf-menu-items-2\">\n\t\t\t\n\n<!-- menu item -->\n<div class=\"kf-menu-item-2 element-anim-1 scroll-animate\" data-animate=\"active\">\n\t\t<div class=\"image kf-image-hover\">\n\t\t<a href=\"https:\/\/lamariarestaurante.com\/wp-content\/uploads\/2025\/11\/lamaria-preview.webp\" data-elementor-open-lightbox=\"yes\" data-elementor-lightbox-title=\"CEVICHE &#8216;PASI\u00d3N DEL PAC\u00cdFICO&#8217;\"><img decoding=\"async\" src=\"https:\/\/lamariarestaurante.com\/wp-content\/uploads\/2025\/11\/lamaria-preview.webp\" alt=\"CEVICHE &#8216;PASI\u00d3N DEL PAC\u00cdFICO&#8217;\" title=\"\"><\/a>\n\t<\/div>\n\t\t<div class=\"desc\">\n\t\t<h5 class=\"name\">CEVICHE \u2018PASSION OF THE PACIFIC\u2019<\/h5>\n\t\t\t\t<div class=\"subname\">\n\t\t\tPoached shrimp that awaken the soul, bathed in a red sauce like lovers' lips, with lemon and fresh cilantro. Every bite, a shiver.\t\t<\/div>\n\t\t\t\t\t\t<div class=\"price\">\n\t\t\t<span>$43.000<\/span>\n\t\t<\/div>\n\t\t\t<\/div>\n<\/div>\n<!-- menu item end -->\n\n\n<!-- menu item -->\n<div class=\"kf-menu-item-2 element-anim-1 scroll-animate\" data-animate=\"active\">\n\t\t<div class=\"image kf-image-hover\">\n\t\t<a href=\"https:\/\/lamariarestaurante.com\/wp-content\/uploads\/2025\/11\/lamaria-preview.webp\" data-elementor-open-lightbox=\"yes\" data-elementor-lightbox-title=\"CREMA DE TOMATE DE LA HACIENDA\"><img decoding=\"async\" src=\"https:\/\/lamariarestaurante.com\/wp-content\/uploads\/2025\/11\/lamaria-preview.webp\" alt=\"Hacienda Tomato Cream\" title=\"\"><\/a>\n\t<\/div>\n\t\t<div class=\"desc\">\n\t\t<h5 class=\"name\">Hacienda Tomato Cream<\/h5>\n\t\t\t\t<div class=\"subname\">\n\t\t\tA velvety cream of roasted tomatoes, served with tortilla chips and a hint of melted cheese. Like the warm embrace of an afternoon in Paradise.\t\t<\/div>\n\t\t\t\t\t\t<div class=\"price\">\n\t\t\t<span>$23.000<\/span>\n\t\t<\/div>\n\t\t\t<\/div>\n<\/div>\n<!-- menu item end -->\n\n\n<!-- menu item -->\n<div class=\"kf-menu-item-2 element-anim-1 scroll-animate\" data-animate=\"active\">\n\t\t<div class=\"image kf-image-hover\">\n\t\t<a href=\"https:\/\/lamariarestaurante.com\/wp-content\/uploads\/2025\/11\/lamaria-preview.webp\" data-elementor-open-lightbox=\"yes\" data-elementor-lightbox-title=\"DEDOS DE QUESO &#8216;MIRADA DE EFRA\u00cdN&#8217;\"><img decoding=\"async\" src=\"https:\/\/lamariarestaurante.com\/wp-content\/uploads\/2025\/11\/lamaria-preview.webp\" alt=\"DEDOS DE QUESO &#8216;MIRADA DE EFRA\u00cdN&#8217;\" title=\"\"><\/a>\n\t<\/div>\n\t\t<div class=\"desc\">\n\t\t<h5 class=\"name\">'EFRA\u00cdN'S LOOK' CHEESE FINGERS<\/h5>\n\t\t\t\t<div class=\"subname\">\n\t\t\tCrispy on the outside, soft as promises on the inside. Fresh cheese bathed in spicy honey, like that first glance that burns without consuming.\t\t<\/div>\n\t\t\t\t\t\t<div class=\"price\">\n\t\t\t<span>$40.000<\/span>\n\t\t<\/div>\n\t\t\t<\/div>\n<\/div>\n<!-- menu item end -->\n\n\n<!-- menu item -->\n<div class=\"kf-menu-item-2 element-anim-1 scroll-animate\" data-animate=\"active\">\n\t\t<div class=\"image kf-image-hover\">\n\t\t<a href=\"https:\/\/lamariarestaurante.com\/wp-content\/uploads\/2025\/11\/lamaria-preview.webp\" data-elementor-open-lightbox=\"yes\" data-elementor-lightbox-title=\"DULCE BRASA DEL TRAPICHE\"><img decoding=\"async\" src=\"https:\/\/lamariarestaurante.com\/wp-content\/uploads\/2025\/11\/lamaria-preview.webp\" alt=\"SWEET EMBER OF THE SUGAR MILL\" title=\"\"><\/a>\n\t<\/div>\n\t\t<div class=\"desc\">\n\t\t<h5 class=\"name\">SWEET EMBER OF THE SUGAR MILL<\/h5>\n\t\t\t\t<div class=\"subname\">\n\t\t\tGolden plantain empanadas filled with pork rib and crispy carantanta.\t\t<\/div>\n\t\t\t\t\t\t<div class=\"price\">\n\t\t\t<span>$35.000<\/span>\n\t\t<\/div>\n\t\t\t<\/div>\n<\/div>\n<!-- menu item end -->\n\n\n<!-- menu item -->\n<div class=\"kf-menu-item-2 element-anim-1 scroll-animate\" data-animate=\"active\">\n\t\t<div class=\"image kf-image-hover\">\n\t\t<a href=\"https:\/\/lamariarestaurante.com\/wp-content\/uploads\/2025\/11\/lamaria-preview.webp\" data-elementor-open-lightbox=\"yes\" data-elementor-lightbox-title=\"FOG\u00d3N DE LA HACIENDA VALLUNA\"><img decoding=\"async\" src=\"https:\/\/lamariarestaurante.com\/wp-content\/uploads\/2025\/11\/lamaria-preview.webp\" alt=\"VALLUNA HACIENDA STOVE\" title=\"\"><\/a>\n\t<\/div>\n\t\t<div class=\"desc\">\n\t\t<h5 class=\"name\">VALLUNA HACIENDA STOVE<\/h5>\n\t\t\t\t<div class=\"subname\">\n\t\t\tGreen plantain baskets with homemade hogo and guacamole, filled with shredded meat and golden bacon.\t\t<\/div>\n\t\t\t\t\t\t<div class=\"price\">\n\t\t\t<span>$32.000<\/span>\n\t\t<\/div>\n\t\t\t<\/div>\n<\/div>\n<!-- menu item end -->\n\n\n<!-- menu item -->\n<div class=\"kf-menu-item-2 element-anim-1 scroll-animate\" data-animate=\"active\">\n\t\t<div class=\"image kf-image-hover\">\n\t\t<a href=\"https:\/\/lamariarestaurante.com\/wp-content\/uploads\/2025\/11\/lamaria-preview.webp\" data-elementor-open-lightbox=\"yes\" data-elementor-lightbox-title=\"MONTADITOS &#8216;EL BESO DE DOLORES&#8217;\"><img decoding=\"async\" src=\"https:\/\/lamariarestaurante.com\/wp-content\/uploads\/2025\/11\/lamaria-preview.webp\" alt=\"MONTADITOS &#8216;EL BESO DE DOLORES&#8217;\" title=\"\"><\/a>\n\t<\/div>\n\t\t<div class=\"desc\">\n\t\t<h5 class=\"name\">MONTADITOS \u2018EL BESO DE DOLORES\u2019<\/h5>\n\t\t\t\t<div class=\"subname\">\n\t\t\tSmoked ribs on small arepas, topped with melted cheese and sauerkraut with red wine. Carnal, intense, like a kiss that tastes like goodbye.\t\t<\/div>\n\t\t\t\t\t\t<div class=\"price\">\n\t\t\t<span>$43.000<\/span>\n\t\t<\/div>\n\t\t\t<\/div>\n<\/div>\n<!-- menu item end -->\n\n\n<!-- menu item -->\n<div class=\"kf-menu-item-2 element-anim-1 scroll-animate\" data-animate=\"active\">\n\t\t<div class=\"image kf-image-hover\">\n\t\t<a href=\"https:\/\/lamariarestaurante.com\/wp-content\/uploads\/2025\/11\/lamaria-preview.webp\" data-elementor-open-lightbox=\"yes\" data-elementor-lightbox-title=\"SOPA CAMPESINA\"><img decoding=\"async\" src=\"https:\/\/lamariarestaurante.com\/wp-content\/uploads\/2025\/11\/lamaria-preview.webp\" alt=\"COUNTRY SOUP\" title=\"\"><\/a>\n\t<\/div>\n\t\t<div class=\"desc\">\n\t\t<h5 class=\"name\">COUNTRY SOUP<\/h5>\n\t\t\t\t<div class=\"subname\">\n\t\t\tA chicken and vegetable broth, scented with fresh cilantro. The soul of the countryside served in a bowl of memories.\t\t<\/div>\n\t\t\t\t\t\t<div class=\"price\">\n\t\t\t<span>$23.000<\/span>\n\t\t<\/div>\n\t\t\t<\/div>\n<\/div>\n<!-- menu item end -->\n\n\n<!-- menu item -->\n<div class=\"kf-menu-item-2 element-anim-1 scroll-animate\" data-animate=\"active\">\n\t\t<div class=\"image kf-image-hover\">\n\t\t<a href=\"https:\/\/lamariarestaurante.com\/wp-content\/uploads\/2025\/11\/lamaria-preview.webp\" data-elementor-open-lightbox=\"yes\" data-elementor-lightbox-title=\"TENTACIONES DEL PARA\u00cdSO PERDIDO\"><img decoding=\"async\" src=\"https:\/\/lamariarestaurante.com\/wp-content\/uploads\/2025\/11\/lamaria-preview.webp\" alt=\"TEMPTATIONS OF PARADISE LOST\" title=\"\"><\/a>\n\t<\/div>\n\t\t<div class=\"desc\">\n\t\t<h5 class=\"name\">TEMPTATIONS OF PARADISE LOST<\/h5>\n\t\t\t\t<div class=\"subname\">\n\t\t\tA temptation in three acts from the Cauca Valley: Crispy empanadas, golden aborrajados like the midday sun, and marranitas bursting with flavor, served with guacamole as smooth as a whisper and aj\u00ed that awakens the senses. A tribute to the flavors that captivated Mar\u00eda.\t\t<\/div>\n\t\t\t\t\t\t<div class=\"price\">\n\t\t\t<span>$39.000<\/span>\n\t\t<\/div>\n\t\t\t<\/div>\n<\/div>\n<!-- menu item end -->\n\t\t<\/div>\n\n\t\t\n\t\t\t\t\t\t<\/div>\n\t\t\t\t<\/div>\n\t\t\t\t<div class=\"elementor-element elementor-element-1196dd7 elementor-widget elementor-widget-heading\" data-id=\"1196dd7\" data-element_type=\"widget\" data-e-type=\"widget\" data-widget_type=\"heading.default\">\n\t\t\t\t\t<p class=\"elementor-heading-title elementor-size-default\">All our prices are in Colombian Pesos (COP). Prices include consumption tax. A 10% gratuity is suggested.<\/p>\t\t\t\t<\/div>\n\t\t\t\t\t<\/div>\n\t\t\t\t<\/div>\n\t\t\t\t<\/div>","protected":false},"excerpt":{"rendered":"<p>ENTRADAS CEVICHE DE CAMAR\u00d3N DEL PAC\u00cdFICO Camarones escalfados con salsa roja, cilantro, echalote, lim\u00f3n y notas de aguacate acompa\u00f1ado con chips de pl\u00e1tano. $38.000 CEVICHE DE MERLUZA FRESCA Corte de merluza fresca con cebolla encurtida, ma\u00edz dulce sobre una cama de pepino acompa\u00f1ado de&#8230; <\/p>\n<div class=\"readmore\"><a href=\"https:\/\/lamariarestaurante.com\/en\/restaurant\/item\/tentaciones-del-paraiso-perdido\/\" class=\"kf-btn-link\"><span>Read more<\/span> <i class=\"fas fa-chevron-right\"><\/i><\/a><\/div>","protected":false},"author":1,"featured_media":0,"parent":1480,"menu_order":0,"comment_status":"closed","ping_status":"closed","template":"template-layout-builder.php","meta":{"_acf_changed":false,"footnotes":""},"class_list":["post-1657","page","type-page","status-publish","hentry"],"acf":[],"_links":{"self":[{"href":"https:\/\/lamariarestaurante.com\/en\/wp-json\/wp\/v2\/pages\/1657","targetHints":{"allow":["GET"]}}],"collection":[{"href":"https:\/\/lamariarestaurante.com\/en\/wp-json\/wp\/v2\/pages"}],"about":[{"href":"https:\/\/lamariarestaurante.com\/en\/wp-json\/wp\/v2\/types\/page"}],"author":[{"embeddable":true,"href":"https:\/\/lamariarestaurante.com\/en\/wp-json\/wp\/v2\/users\/1"}],"replies":[{"embeddable":true,"href":"https:\/\/lamariarestaurante.com\/en\/wp-json\/wp\/v2\/comments?post=1657"}],"version-history":[{"count":26,"href":"https:\/\/lamariarestaurante.com\/en\/wp-json\/wp\/v2\/pages\/1657\/revisions"}],"predecessor-version":[{"id":1876,"href":"https:\/\/lamariarestaurante.com\/en\/wp-json\/wp\/v2\/pages\/1657\/revisions\/1876"}],"up":[{"embeddable":true,"href":"https:\/\/lamariarestaurante.com\/en\/wp-json\/wp\/v2\/pages\/1480"}],"wp:attachment":[{"href":"https:\/\/lamariarestaurante.com\/en\/wp-json\/wp\/v2\/media?parent=1657"}],"curies":[{"name":"wp","href":"https:\/\/api.w.org\/{rel}","templated":true}]}}